{"id":3847,"date":"2019-06-11T10:06:38","date_gmt":"2019-06-11T10:06:38","guid":{"rendered":"https:\/\/coworkinglafabrica.es\/website-disclaimer\/"},"modified":"2024-04-25T08:51:36","modified_gmt":"2024-04-25T08:51:36","slug":"website-disclaimer","status":"publish","type":"page","link":"https:\/\/coworkinglafabrica.es\/en\/website-disclaimer\/","title":{"rendered":"Website Disclaimer"},"content":{"rendered":"\t\t<div data-elementor-type=\"wp-post\" data-elementor-id=\"3847\" class=\"elementor elementor-3847 elementor-2668\" data-elementor-post-type=\"page\">\n\t\t\t\t\t\t<section class=\"elementor-section elementor-top-section elementor-element elementor-element-c16d4a0 elementor-section-boxed elementor-section-height-default elementor-section-height-default\" data-id=\"c16d4a0\" data-element_type=\"section\" data-e-type=\"section\">\n\t\t\t\t\t\t<div class=\"elementor-container elementor-column-gap-default\">\n\t\t\t\t\t<div class=\"elementor-column elementor-col-100 elementor-top-column elementor-element elementor-element-d2f130f\" data-id=\"d2f130f\" data-element_type=\"column\" data-e-type=\"column\">\n\t\t\t<div class=\"elementor-widget-wrap elementor-element-populated\">\n\t\t\t\t\t\t<div class=\"elementor-element elementor-element-6c8a1d0 elementor-widget elementor-widget-heading\" data-id=\"6c8a1d0\" data-element_type=\"widget\" data-e-type=\"widget\" data-widget_type=\"heading.default\">\n\t\t\t\t<div class=\"elementor-widget-container\">\n\t\t\t\t\t<h1 class=\"elementor-heading-title elementor-size-default\">WEBSITE DISCLAIMER<\/h1>\t\t\t\t<\/div>\n\t\t\t\t<\/div>\n\t\t\t\t<div class=\"elementor-element elementor-element-de07592 elementor-widget elementor-widget-heading\" data-id=\"de07592\" data-element_type=\"widget\" data-e-type=\"widget\" data-widget_type=\"heading.default\">\n\t\t\t\t<div class=\"elementor-widget-container\">\n\t\t\t\t\t<h2 class=\"elementor-heading-title elementor-size-default\"><u>Identifying the Website Owner<\/u><\/h2>\t\t\t\t<\/div>\n\t\t\t\t<\/div>\n\t\t\t\t<div class=\"elementor-element elementor-element-80a3a3a elementor-widget elementor-widget-text-editor\" data-id=\"80a3a3a\" data-element_type=\"widget\" data-e-type=\"widget\" data-widget_type=\"text-editor.default\">\n\t\t\t\t<div class=\"elementor-widget-container\">\n\t\t\t\t\t\t\t\t\t<p>In compliance with article 10 of Spanish Law No. 34\/2002 of July 11, 2002 on Information Society Services and Electronic Commerce, we inform you that you are currently visiting the website owned by <b>\u00c1LVARO NICOL\u00c1S GONZ\u00c1LEZ<\/b> with <b>ID no.<\/b> 51.100.134-E, owner of the website <b>www.coworkinglafabrica.es<\/b> with registered address in Avenida de Brasil, 17, Planta 1, 28020, Madrid.<\/p>\n\t\t\t\t\t\t\t\t<\/div>\n\t\t\t\t<\/div>\n\t\t\t\t<div class=\"elementor-element elementor-element-2644cd4 elementor-widget elementor-widget-text-editor\" data-id=\"2644cd4\" data-element_type=\"widget\" data-e-type=\"widget\" data-widget_type=\"text-editor.default\">\n\t\t\t\t<div class=\"elementor-widget-container\">\n\t\t\t\t\t\t\t\t\t<p>The aim of the present text is to state the main services and functions of this website, as well as the General Terms and Conditions of use and access to the site. Furthermore, users are notified that the Website Disclaimer and General Terms and Conditions can be modified partly or totally by the owner, so it is recommended that the user review these terms regularly.<\/p>\n\t\t\t\t\t\t\t\t<\/div>\n\t\t\t\t<\/div>\n\t\t\t\t<div class=\"elementor-element elementor-element-ee7d957 elementor-widget elementor-widget-text-editor\" data-id=\"ee7d957\" data-element_type=\"widget\" data-e-type=\"widget\" data-widget_type=\"text-editor.default\">\n\t\t\t\t<div class=\"elementor-widget-container\">\n\t\t\t\t\t\t\t\t\t<p>If you wish, you can get in touch with us sending us an email to the following address: info@coworkinglafabrica.es, or calling us at (+34) <b>910616053<\/b>.<\/p>\n\t\t\t\t\t\t\t\t<\/div>\n\t\t\t\t<\/div>\n\t\t\t\t\t<\/div>\n\t\t<\/div>\n\t\t\t\t\t<\/div>\n\t\t<\/section>\n\t\t\t\t<section class=\"elementor-section elementor-top-section elementor-element elementor-element-da2b769 elementor-section-full_width elementor-section-height-default elementor-section-height-default\" data-id=\"da2b769\" data-element_type=\"section\" data-e-type=\"section\">\n\t\t\t\t\t\t<div class=\"elementor-container elementor-column-gap-default\">\n\t\t\t\t\t<div class=\"elementor-column elementor-col-100 elementor-top-column elementor-element elementor-element-4fc7fca4\" data-id=\"4fc7fca4\" data-element_type=\"column\" data-e-type=\"column\">\n\t\t\t<div class=\"elementor-widget-wrap elementor-element-populated\">\n\t\t\t\t\t\t<section class=\"elementor-section elementor-inner-section elementor-element elementor-element-61ef7160 elementor-section-boxed elementor-section-height-default elementor-section-height-default\" data-id=\"61ef7160\" data-element_type=\"section\" data-e-type=\"section\">\n\t\t\t\t\t\t<div class=\"elementor-container elementor-column-gap-default\">\n\t\t\t\t\t<div class=\"elementor-column elementor-col-100 elementor-inner-column elementor-element elementor-element-613a3f1f\" data-id=\"613a3f1f\" data-element_type=\"column\" data-e-type=\"column\">\n\t\t\t<div class=\"elementor-widget-wrap elementor-element-populated\">\n\t\t\t\t\t\t<div class=\"elementor-element elementor-element-64c33351 elementor-widget elementor-widget-heading\" data-id=\"64c33351\" data-element_type=\"widget\" data-e-type=\"widget\" data-widget_type=\"heading.default\">\n\t\t\t\t<div class=\"elementor-widget-container\">\n\t\t\t\t\t<p class=\"elementor-heading-title elementor-size-default\">Coworking La F\u00e1brica<\/p>\t\t\t\t<\/div>\n\t\t\t\t<\/div>\n\t\t\t\t<div class=\"elementor-element elementor-element-5cb62610 elementor-widget elementor-widget-heading\" data-id=\"5cb62610\" data-element_type=\"widget\" data-e-type=\"widget\" data-widget_type=\"heading.default\">\n\t\t\t\t<div class=\"elementor-widget-container\">\n\t\t\t\t\t<p class=\"elementor-heading-title elementor-size-default\">Subsidized by:<\/p>\t\t\t\t<\/div>\n\t\t\t\t<\/div>\n\t\t\t\t\t<\/div>\n\t\t<\/div>\n\t\t\t\t\t<\/div>\n\t\t<\/section>\n\t\t\t\t<section class=\"elementor-section elementor-inner-section elementor-element elementor-element-649841f5 elementor-section-boxed elementor-section-height-default elementor-section-height-default\" data-id=\"649841f5\" data-element_type=\"section\" data-e-type=\"section\">\n\t\t\t\t\t\t<div class=\"elementor-container elementor-column-gap-default\">\n\t\t\t\t\t<div class=\"elementor-column elementor-col-100 elementor-inner-column elementor-element elementor-element-e5d6741\" data-id=\"e5d6741\" data-element_type=\"column\" data-e-type=\"column\">\n\t\t\t<div class=\"elementor-widget-wrap elementor-element-populated\">\n\t\t\t\t\t\t<div class=\"elementor-element elementor-element-4c2e0e46 elementor-widget elementor-widget-heading\" data-id=\"4c2e0e46\" data-element_type=\"widget\" data-e-type=\"widget\" data-widget_type=\"heading.default\">\n\t\t\t\t<div class=\"elementor-widget-container\">\n\t\t\t\t\t<p class=\"elementor-heading-title elementor-size-default\"><a href=\"https:\/\/coworkinglafabrica.es\/en\/website-disclaimer\/\">Website Disclaimer<\/a> | <a href=\"https:\/\/coworkinglafabrica.es\/en\/privacy-policy\/\">Privacy Policy<\/a> | <a href=\"https:\/\/coworkinglafabrica.es\/en\/cookie-policy\/\">Cookie Policy<\/a><\/p>\t\t\t\t<\/div>\n\t\t\t\t<\/div>\n\t\t\t\t\t<\/div>\n\t\t<\/div>\n\t\t\t\t\t<\/div>\n\t\t<\/section>\n\t\t\t\t<section class=\"elementor-section elementor-inner-section elementor-element elementor-element-7c4fa9e3 elementor-section-content-middle elementor-section-boxed elementor-section-height-default elementor-section-height-default\" data-id=\"7c4fa9e3\" data-element_type=\"section\" data-e-type=\"section\">\n\t\t\t\t\t\t<div class=\"elementor-container elementor-column-gap-default\">\n\t\t\t\t\t<div class=\"elementor-column elementor-col-33 elementor-inner-column elementor-element elementor-element-40838958\" data-id=\"40838958\" data-element_type=\"column\" data-e-type=\"column\">\n\t\t\t<div class=\"elementor-widget-wrap elementor-element-populated\">\n\t\t\t\t\t\t<div class=\"elementor-element elementor-element-3fc6d8e1 elementor-widget elementor-widget-image\" data-id=\"3fc6d8e1\" data-element_type=\"widget\" data-e-type=\"widget\" data-widget_type=\"image.default\">\n\t\t\t\t<div class=\"elementor-widget-container\">\n\t\t\t\t\t\t\t\t\t\t\t\t\t\t\t<img decoding=\"async\" width=\"250\" height=\"61\" src=\"https:\/\/coworkinglafabrica.es\/wp-content\/uploads\/2016\/07\/madrid_84a576f73f0d3e8348d1d8226eb0f57f-1.png\" class=\"attachment-large size-large wp-image-3752\" alt=\"Comunidad de Madrid\" \/>\t\t\t\t\t\t\t\t\t\t\t\t\t\t\t<\/div>\n\t\t\t\t<\/div>\n\t\t\t\t\t<\/div>\n\t\t<\/div>\n\t\t\t\t<div class=\"elementor-column elementor-col-33 elementor-inner-column elementor-element elementor-element-77ca6700\" data-id=\"77ca6700\" data-element_type=\"column\" data-e-type=\"column\">\n\t\t\t<div class=\"elementor-widget-wrap elementor-element-populated\">\n\t\t\t\t\t\t<div class=\"elementor-element elementor-element-20ed88ae elementor-widget elementor-widget-image\" data-id=\"20ed88ae\" data-element_type=\"widget\" data-e-type=\"widget\" data-widget_type=\"image.default\">\n\t\t\t\t<div class=\"elementor-widget-container\">\n\t\t\t\t\t\t\t\t\t\t\t\t\t\t\t<img decoding=\"async\" width=\"250\" height=\"54\" src=\"https:\/\/coworkinglafabrica.es\/wp-content\/uploads\/2016\/07\/ue_0b46d6205a8c9de310ddae151cb3e8ff-1.png\" class=\"attachment-large size-large wp-image-3753\" alt=\"European Union European Social Fund\" \/>\t\t\t\t\t\t\t\t\t\t\t\t\t\t\t<\/div>\n\t\t\t\t<\/div>\n\t\t\t\t\t<\/div>\n\t\t<\/div>\n\t\t\t\t<div class=\"elementor-column elementor-col-33 elementor-inner-column elementor-element elementor-element-7d650ec9\" data-id=\"7d650ec9\" data-element_type=\"column\" data-e-type=\"column\">\n\t\t\t<div class=\"elementor-widget-wrap elementor-element-populated\">\n\t\t\t\t\t\t<div class=\"elementor-element elementor-element-6100430a elementor-widget elementor-widget-image\" data-id=\"6100430a\" data-element_type=\"widget\" data-e-type=\"widget\" data-widget_type=\"image.default\">\n\t\t\t\t<div class=\"elementor-widget-container\">\n\t\t\t\t\t\t\t\t\t\t\t\t\t\t\t<img decoding=\"async\" width=\"250\" height=\"67\" src=\"https:\/\/coworkinglafabrica.es\/wp-content\/uploads\/2017\/11\/juvenil.png\" class=\"attachment-large size-large wp-image-3713\" alt=\"garantia-juvenil-coworking-la-fabrica\" \/>\t\t\t\t\t\t\t\t\t\t\t\t\t\t\t<\/div>\n\t\t\t\t<\/div>\n\t\t\t\t\t<\/div>\n\t\t<\/div>\n\t\t\t\t\t<\/div>\n\t\t<\/section>\n\t\t\t\t<section class=\"elementor-section elementor-inner-section elementor-element elementor-element-7d958de9 elementor-section-content-middle elementor-section-boxed elementor-section-height-default elementor-section-height-default\" data-id=\"7d958de9\" data-element_type=\"section\" data-e-type=\"section\" data-settings=\"{&quot;background_background&quot;:&quot;classic&quot;}\">\n\t\t\t\t\t\t<div class=\"elementor-container elementor-column-gap-default\">\n\t\t\t\t\t<div class=\"elementor-column elementor-col-33 elementor-inner-column elementor-element elementor-element-3d737c8e\" data-id=\"3d737c8e\" data-element_type=\"column\" data-e-type=\"column\">\n\t\t\t<div class=\"elementor-widget-wrap elementor-element-populated\">\n\t\t\t\t\t\t<div class=\"elementor-element elementor-element-7fb0ec0 elementor-shape-circle elementor-grid-0 e-grid-align-center elementor-widget elementor-widget-global elementor-global-2186 elementor-widget-social-icons\" data-id=\"7fb0ec0\" data-element_type=\"widget\" data-e-type=\"widget\" data-widget_type=\"social-icons.default\">\n\t\t\t\t<div class=\"elementor-widget-container\">\n\t\t\t\t\t\t\t<div class=\"elementor-social-icons-wrapper elementor-grid\" role=\"list\">\n\t\t\t\t\t\t\t<span class=\"elementor-grid-item\" role=\"listitem\">\n\t\t\t\t\t<a class=\"elementor-icon elementor-social-icon elementor-social-icon-facebook elementor-repeater-item-c5ef27f\" href=\"https:\/\/www.facebook.com\/pg\/Coworking-La-Fabrica-Madrid-470774376614762\" target=\"_blank\" rel=\"noopener\">\n\t\t\t\t\t\t<span class=\"elementor-screen-only\">Facebook<\/span>\n\t\t\t\t\t\t\t\t\t\t\t\t\t<i class=\"fa fa-facebook\" aria-hidden=\"true\"><\/i>\n\t\t\t\t\t\t\t\t\t\t\t<\/a>\n\t\t\t\t<\/span>\n\t\t\t\t\t\t\t<span class=\"elementor-grid-item\" role=\"listitem\">\n\t\t\t\t\t<a class=\"elementor-icon elementor-social-icon elementor-social-icon-instagram elementor-repeater-item-6b94eac\" href=\"https:\/\/www.instagram.com\/coworkinglafabrica\/\" target=\"_blank\" rel=\"noopener\">\n\t\t\t\t\t\t<span class=\"elementor-screen-only\">Instagram<\/span>\n\t\t\t\t\t\t\t\t\t\t\t\t\t<i class=\"fa fa-instagram\" aria-hidden=\"true\"><\/i>\n\t\t\t\t\t\t\t\t\t\t\t<\/a>\n\t\t\t\t<\/span>\n\t\t\t\t\t<\/div>\n\t\t\t\t\t\t<\/div>\n\t\t\t\t<\/div>\n\t\t\t\t\t<\/div>\n\t\t<\/div>\n\t\t\t\t<div class=\"elementor-column elementor-col-33 elementor-inner-column elementor-element elementor-element-1089c446\" data-id=\"1089c446\" data-element_type=\"column\" data-e-type=\"column\">\n\t\t\t<div class=\"elementor-widget-wrap elementor-element-populated\">\n\t\t\t\t\t\t<div class=\"elementor-element elementor-element-55b6f3fd elementor-widget elementor-widget-text-editor\" data-id=\"55b6f3fd\" data-element_type=\"widget\" data-e-type=\"widget\" data-widget_type=\"text-editor.default\">\n\t\t\t\t<div class=\"elementor-widget-container\">\n\t\t\t\t\t\t\t\t\t<p>\u00a9 COPYRIGHT 2017 <a href=\"#\">COWORKING LA F\u00c1BRICA<\/a>, ALL RIGTHS RESERVED<\/p>\n\t\t\t\t\t\t\t\t<\/div>\n\t\t\t\t<\/div>\n\t\t\t\t\t<\/div>\n\t\t<\/div>\n\t\t\t\t<div class=\"elementor-column elementor-col-33 elementor-inner-column elementor-element elementor-element-7d0b3c14\" data-id=\"7d0b3c14\" data-element_type=\"column\" data-e-type=\"column\">\n\t\t\t<div class=\"elementor-widget-wrap\">\n\t\t\t\t\t\t\t<\/div>\n\t\t<\/div>\n\t\t\t\t\t<\/div>\n\t\t<\/section>\n\t\t\t\t\t<\/div>\n\t\t<\/div>\n\t\t\t\t\t<\/div>\n\t\t<\/section>\n\t\t\t\t<\/div>\n\t\t","protected":false},"excerpt":{"rendered":"<p>WEBSITE DISCLAIMER Identifying the Website Owner In compliance with article 10 of Spanish Law No. 34\/2002 of July 11, 2002 on Information Society Services and Electronic Commerce, we inform you that you are currently visiting the website owned by \u00c1LVARO NICOL\u00c1S GONZ\u00c1LEZ with ID no. 51.100.134-E, owner of the website www.coworkinglafabrica.es with registered address in [&hellip;]<\/p>\n","protected":false},"author":1,"featured_media":0,"parent":0,"menu_order":0,"comment_status":"closed","ping_status":"closed","template":"","meta":{"footnotes":""},"class_list":["post-3847","page","type-page","status-publish","hentry",""],"_links":{"self":[{"href":"https:\/\/coworkinglafabrica.es\/en\/wp-json\/wp\/v2\/pages\/3847","targetHints":{"allow":["GET"]}}],"collection":[{"href":"https:\/\/coworkinglafabrica.es\/en\/wp-json\/wp\/v2\/pages"}],"about":[{"href":"https:\/\/coworkinglafabrica.es\/en\/wp-json\/wp\/v2\/types\/page"}],"author":[{"embeddable":true,"href":"https:\/\/coworkinglafabrica.es\/en\/wp-json\/wp\/v2\/users\/1"}],"replies":[{"embeddable":true,"href":"https:\/\/coworkinglafabrica.es\/en\/wp-json\/wp\/v2\/comments?post=3847"}],"version-history":[{"count":4,"href":"https:\/\/coworkinglafabrica.es\/en\/wp-json\/wp\/v2\/pages\/3847\/revisions"}],"predecessor-version":[{"id":8228,"href":"https:\/\/coworkinglafabrica.es\/en\/wp-json\/wp\/v2\/pages\/3847\/revisions\/8228"}],"wp:attachment":[{"href":"https:\/\/coworkinglafabrica.es\/en\/wp-json\/wp\/v2\/media?parent=3847"}],"curies":[{"name":"wp","href":"https:\/\/api.w.org\/{rel}","templated":true}]}}